{"id":12,"date":"2016-02-07T18:38:06","date_gmt":"2016-02-07T17:38:06","guid":{"rendered":"http:\/\/unihoc.antares.uberspace.de\/wp-floorballmeeting\/?page_id=12"},"modified":"2023-02-27T20:22:35","modified_gmt":"2023-02-27T19:22:35","slug":"impressum","status":"publish","type":"page","link":"https:\/\/www.floorballmeeting.de\/en\/impressum\/","title":{"rendered":"Imprint"},"content":{"rendered":"<p><\/p>\n<p class=\"bodytext\">Registered club:<br \/>\nUHC M\u00fcnster e.V.<\/p>\n<p><i>1. Chairman:<br \/>\n<\/i>Andre Kiethe<br \/>\nKanalstra\u00dfe 51<br \/>\n48147 M\u00fcnster<\/p>\n<p class=\"bodytext\"><i>Office:<\/i><br \/>\nc\/o Andre Kiethe<br \/>\nKanalstra\u00dfe 51<br \/>\n48147 M\u00fcnster<\/p>\n<p class=\"bodytext\">Phone number: +49251\/14102851<br \/>\nE-Mail: info@floorball-muenster.de<\/p>\n<p class=\"bodytext\"><span id=\"printContent\">Feel free\u00a0to get in touch with us directly.<\/span><\/p>\n<div style=\"background-color: #fff;width:100%;height:auto;\"><iframe loading=\"lazy\" style=\"background-color: #fff;\" src=\"http:\/\/statistik.floorball-muenster.de\/index.php?module=CoreAdminHome&amp;action=optOut&amp;language=en\" width=\"100%\" height=\"250\"><\/iframe><\/div>\n<p><\/p>","protected":false},"excerpt":{"rendered":"<p>Registered club: UHC M\u00fcnster e.V. 1. Chairman: Andre Kiethe Kanalstra\u00dfe 51 48147 M\u00fcnster Office: c\/o Andre Kiethe Kanalstra\u00dfe 51 48147 M\u00fcnster Phone number: +49251\/14102851 E-Mail: info@floorball-muenster.de Feel free\u00a0to get in touch with us directly.<\/p>\n","protected":false},"author":1,"featured_media":0,"parent":0,"menu_order":0,"comment_status":"closed","ping_status":"closed","template":"","meta":{"footnotes":""},"class_list":["post-12","page","type-page","status-publish","hentry"],"_links":{"self":[{"href":"https:\/\/www.floorballmeeting.de\/en\/wp-json\/wp\/v2\/pages\/12","targetHints":{"allow":["GET"]}}],"collection":[{"href":"https:\/\/www.floorballmeeting.de\/en\/wp-json\/wp\/v2\/pages"}],"about":[{"href":"https:\/\/www.floorballmeeting.de\/en\/wp-json\/wp\/v2\/types\/page"}],"author":[{"embeddable":true,"href":"https:\/\/www.floorballmeeting.de\/en\/wp-json\/wp\/v2\/users\/1"}],"replies":[{"embeddable":true,"href":"https:\/\/www.floorballmeeting.de\/en\/wp-json\/wp\/v2\/comments?post=12"}],"version-history":[{"count":11,"href":"https:\/\/www.floorballmeeting.de\/en\/wp-json\/wp\/v2\/pages\/12\/revisions"}],"predecessor-version":[{"id":404,"href":"https:\/\/www.floorballmeeting.de\/en\/wp-json\/wp\/v2\/pages\/12\/revisions\/404"}],"wp:attachment":[{"href":"https:\/\/www.floorballmeeting.de\/en\/wp-json\/wp\/v2\/media?parent=12"}],"curies":[{"name":"wp","href":"https:\/\/api.w.org\/{rel}","templated":true}]}}